{"id":30,"date":"2020-11-01T00:00:00","date_gmt":"2020-10-31T23:00:00","guid":{"rendered":"https:\/\/seedofunity.space\/manipuraki\/?page_id=30"},"modified":"2020-11-07T17:01:57","modified_gmt":"2020-11-07T16:01:57","slug":"hse-holo-somato-energetique","status":"publish","type":"page","link":"https:\/\/seedofunity.space\/manipuraki\/hse-holo-somato-energetique\/","title":{"rendered":"HSE : holo-somato-\u00e9nerg\u00e9tique"},"content":{"rendered":"\n<figure class=\"wp-block-image size-large is-style-rounded\"><img loading=\"lazy\" width=\"960\" height=\"433\" src=\"https:\/\/seedofunity.space\/manipuraki\/wp-content\/uploads\/2020\/10\/dandelion-2817950_960_720.jpg\" alt=\"\" class=\"wp-image-48\" srcset=\"https:\/\/seedofunity.space\/manipuraki\/wp-content\/uploads\/2020\/10\/dandelion-2817950_960_720.jpg 960w, https:\/\/seedofunity.space\/manipuraki\/wp-content\/uploads\/2020\/10\/dandelion-2817950_960_720-300x135.jpg 300w, https:\/\/seedofunity.space\/manipuraki\/wp-content\/uploads\/2020\/10\/dandelion-2817950_960_720-768x346.jpg 768w, https:\/\/seedofunity.space\/manipuraki\/wp-content\/uploads\/2020\/10\/dandelion-2817950_960_720-80x36.jpg 80w\" sizes=\"(max-width: 960px) 100vw, 960px\" \/><\/figure>\n\n\n\n<p>Si vous \u00eates pr\u00eats \u00e0 transformer vos croyances et votre vie, voici le lien pour vous inscrire : <a rel=\"noreferrer noopener\" href=\"https:\/\/forms.gle\/iJnQDQYvWupXwkZq7\" target=\"_blank\">lien pour questionnaire en ligne<\/a><\/p>\n\n\n\n<p><strong>Par quoi commencer ?<\/strong><\/p>\n\n\n\n<p>Un jour vient l&rsquo;envie de changement(s) profond(s), o\u00f9 il est temps et n\u00e9cessaire de trouver des bases solides sur lesquelles s\u2019appuyer pour se reconnecter \u00e0 son enti\u00e8ret\u00e9 et \u00e9voluer pour enfin construire la vie qu&rsquo;on veut vraiment.<\/p>\n\n\n\n<p>Quand pendant des ann\u00e9es, si ce n&rsquo;est toujours, nous avons \u00e9t\u00e9 rejet\u00e9, reni\u00e9 et coup\u00e9 de nous-m\u00eames par diverses croyances, incompr\u00e9hensions et sur-impressions de notre entourage et de l&rsquo;ext\u00e9rieur ; <br><br>Quand nos \u00e9motions nous d\u00e9bordent et nous font exploser : col\u00e8re, tristesse, rage. <br><br>Il y a tellement de fois o\u00f9 nous aimerions \u00eatre plus stable, serein, pouvoir agir avec bienveillance quant&nbsp;:<\/p>\n\n\n\n<ul><li>\u00e0 la moindre contrari\u00e9t\u00e9, nos r\u00e9actions sont brutales et disproportionn\u00e9es ;<\/li><\/ul>\n\n\n\n<ul><li>\u00e0 chaque critique, nous perdons nos repaires et confiance dans nos capacit\u00e9s, sans r\u00e9elle raison&nbsp;;<\/li><\/ul>\n\n\n\n<ul><li>la souffrance qu\u2019on subit jour apr\u00e8s jour est insupportable, qu\u2019elle soit physique ou psychique, que notre corps devient notre ennemi au lieu d\u2019\u00eatre notre alli\u00e9, qu\u2019il devient une prison o\u00f9 nous sommes enferm\u00e9s mais que malgr\u00e9 tout, nous devons tenir, serrer les dents et ignorer la douleur pour avancer&nbsp;;<\/li><\/ul>\n\n\n\n<ul><li>on n\u2019arrive pas \u00e0 se sortir de sch\u00e9mas r\u00e9p\u00e9titifs et souvent destructeurs, \u00e0 diff\u00e9rents niveaux.<\/li><\/ul>\n\n\n\n<p>Et que nous n&rsquo;en pouvons plus de vivre ainsi sans savoir, sans pouvoir agir, pris au pi\u00e8ge d&rsquo;un syst\u00e8me d\u00e9l\u00e9t\u00e8re.<\/p>\n\n\n\n<figure class=\"wp-block-image size-large is-style-rounded\"><img loading=\"lazy\" width=\"960\" height=\"640\" src=\"https:\/\/seedofunity.space\/manipuraki\/wp-content\/uploads\/2020\/10\/nextstep.jpg\" alt=\"\" class=\"wp-image-49\" srcset=\"https:\/\/seedofunity.space\/manipuraki\/wp-content\/uploads\/2020\/10\/nextstep.jpg 960w, https:\/\/seedofunity.space\/manipuraki\/wp-content\/uploads\/2020\/10\/nextstep-300x200.jpg 300w, https:\/\/seedofunity.space\/manipuraki\/wp-content\/uploads\/2020\/10\/nextstep-768x512.jpg 768w, https:\/\/seedofunity.space\/manipuraki\/wp-content\/uploads\/2020\/10\/nextstep-80x53.jpg 80w\" sizes=\"(max-width: 960px) 100vw, 960px\" \/><\/figure>\n\n\n\n<p>Nous recherchons alors fr\u00e9quemment des solutions, diverses et vari\u00e9es, allons voir diff\u00e9rents th\u00e9rapeutes mais sommes souvent insatisfaits des r\u00e9sultats au final, les connaissances \u00e9tant tr\u00e8s disparates.<br>Et nous finissons toujours par revenir \u00e0 notre ancien rythme de vie ou alors nous nous d\u00e9connectons de notre corps et agissons en gardant un contr\u00f4le qu\u2019on voudrait absolu, sans pour autant y arriver, ce qui entra\u00eene si souvent de la culpabilit\u00e9 et du mal \u00eatre.<\/p>\n\n\n\n<p><strong>Agir dans le temps<\/strong><\/p>\n\n\n\n<p>A un moment donn\u00e9 dans notre existence, pour sortir de cet \u00e9ternel cercle sans fin, nous souhaitons comprendre comment faire, quelles seraient les meilleures solutions pour soi, pour pouvoir agir et transformer quotidiennement ses actions pour enfin vivre de mani\u00e8re \u00e9panouie.<\/p>\n\n\n\n<p>D\u2019enfin pouvoir \u00eatre acteur de sa vie, \u00eatre aux commandes de sa vie sans contr\u00f4ler chacun de ses pas, vivre sereinement, pouvoir respirer \u00e0 plein poumons.<\/p>\n\n\n\n<figure class=\"wp-block-image size-large is-resized is-style-rounded\"><img loading=\"lazy\" src=\"https:\/\/seedofunity.space\/manipuraki\/wp-content\/uploads\/2020\/10\/uptou.jpg\" alt=\"\" class=\"wp-image-50\" width=\"501\" height=\"218\" srcset=\"https:\/\/seedofunity.space\/manipuraki\/wp-content\/uploads\/2020\/10\/uptou.jpg 960w, https:\/\/seedofunity.space\/manipuraki\/wp-content\/uploads\/2020\/10\/uptou-300x131.jpg 300w, https:\/\/seedofunity.space\/manipuraki\/wp-content\/uploads\/2020\/10\/uptou-768x335.jpg 768w, https:\/\/seedofunity.space\/manipuraki\/wp-content\/uploads\/2020\/10\/uptou-80x35.jpg 80w\" sizes=\"(max-width: 501px) 100vw, 501px\" \/><\/figure>\n\n\n\n<p>Avec un apprentissage cibl\u00e9 sur le fonctionnement de votre corps, en comprenant quels sont vos besoins et avec des outils pratiques et utiles pour que, quelques soit les al\u00e9as de la vie, vous puissiez agir dans votre meilleur int\u00e9r\u00eat \u00e0 chaque instant.<\/p>\n\n\n\n<p>Avec un accompagnement adapt\u00e9 \u00e0 qui vous \u00eates, nous traiterons, dans un premier temps, les sympt\u00f4mes et causes de vos maux, en comprenant les sch\u00e9mas mis en place dans votre vie qui vous emp\u00eachent d\u2019incarner pleinement qui vous \u00eates et ce que vous \u00eates.<\/p>\n\n\n\n<p>Puis, en simultan\u00e9 ou juste apr\u00e8s, suivant mon intuition et vos besoins, vous apprendrez quelle est votre constitution hippocratique, comment \u00e9quilibrer votre hygi\u00e8ne de vie (alimentation, exercices physiques, repos, etc.) de mani\u00e8re optimale, modulable et align\u00e9e avec vous.<\/p>\n\n\n\n<p>\u00c9galement, pour vous accompagner dans ce changement de vie et de paradigme, des soins physiques (r\u00e9flexologie plantaire, drainage lymphatique manuel Vodder, massages intuitifs, etc.) seront int\u00e9gr\u00e9s lors de des s\u00e9ances en pr\u00e9sentiel.<br>Pour les s\u00e9ances \u00e0 distance, seront privil\u00e9gi\u00e9s les soins \u00e9nerg\u00e9tiques, m\u00e9ditations personnalis\u00e9es, s\u00e9ance d&rsquo;hypnose.<\/p>\n\n\n\n<p>A ce moment-l\u00e0, vous vous demandez s\u00fbrement quelle est la diff\u00e9rence, qu\u2019est-ce qui fait que, malgr\u00e9 toutes ces choses tr\u00e8s utiles, vous ne retombiez pas dans vos travers&nbsp;?<\/p>\n\n\n\n<p><strong>La diff\u00e9rence<\/strong><\/p>\n\n\n\n<p>Durant le temps de ce changement de vie et de paradigme, je serais l\u00e0 pour vous, pour vous aider \u00e0 garder le cap dans les moments de doute, vous soutenir et vous rebooster quand le besoin se fera sentir.<\/p>\n\n\n\n<p><strong>Qui suis-je ?<\/strong><\/p>\n\n\n\n<p>A la suite d&rsquo;un accident de voiture \u00e0 10 ans, apr\u00e8s une mort de quelques minutes, l&rsquo;\u00e2me qui \u00e9tait l\u00e0 avant est partie rejoindre l&rsquo;unit\u00e9 et j&rsquo;ai pris la place pour continuer le voyage dans cette vie et d&rsquo;autres t\u00e2ches li\u00e9es \u00e0 ce transfert. Je suis ce qu&rsquo;on appelle commun\u00e9ment une Walk-In, avatar d&rsquo;une d\u00e9it\u00e9.<br><br>Ce n&rsquo;est pas pour autant que les choses ont \u00e9t\u00e9 plus facile, en tout cas pour les d\u00e9buts. <br><br>Enfant des \u00e9toiles, dans les ann\u00e9es de mon enfance, j&rsquo;ai souffert du rejet, m\u00e9pris et autres \u00e9motions n\u00e9gatives \u00e0 l&rsquo;\u00e9cole et en dehors. <br>Hyper-sensible et dans un environnement plut\u00f4t in\u00e9daquat, je n&rsquo;avais pas la possibilit\u00e9 ni la confiance n\u00e9cessaires pour r\u00e9silier, pour int\u00e9grer ces informations et laisser aller. <br>Sans ressource, j&rsquo;ai pr\u00e9f\u00e9r\u00e9 cliver (se s\u00e9parer) de plus en plus de chaque partie qui me faisait ressentir tout \u00e7a pour finir par \u00eatre totalement cliv\u00e9e ou presque.<br><br>Sans r\u00e9elle int\u00e9r\u00eat finalement car je suis devenue borderline, compl\u00e9tement parasit\u00e9e par mes \u00e9motions, incapable  de vivre. <br>Par voie de cons\u00e9quence, pendant 15 ans, j&rsquo;ai \u00e9t\u00e9 comme morte \u00e0 l&rsquo;int\u00e9rieur avec un mode survivance activ\u00e9 non-stop. Je suis devenue tr\u00e8s dure et ai auto-sabot\u00e9 pratiquement chacun de mes actes. <br><br>Il y a bient\u00f4t 4 ans, j&rsquo;ai rencontr\u00e9 celui qui est mon compagnon et aussi ma Flamme Jumelle (vous pourrez trouver avec le lien suivant une explication du concept de FJ : <a rel=\"noreferrer noopener\" href=\"https:\/\/www.ankora.fr\/blogs\/bien-etre-et-spiritualite\/flamme-jumelle-signes-rencontre-sensation\" target=\"_blank\">https:\/\/www.ankora.fr\/blogs\/bien-etre-et-spiritualite\/flamme-jumelle-signes-rencontre-sensation<\/a>). <br>L&rsquo;intensit\u00e9 de cette rencontre et les bouleversements engendr\u00e9s ont \u00e9t\u00e9 impr\u00e9visibles, fous et pratiquement insupportables. <br>Apr\u00e8s une longue p\u00e9riode o\u00f9 nous supportions tr\u00e8s peu la pr\u00e9sence de l&rsquo;autre, sans pour autant arriver \u00e0 \u00eatre loin l&rsquo;un de l&rsquo;autre trop longtemps, nous avons trouv\u00e9 diff\u00e9rentes concepts de vie qui nous conviennent et nous permette de vivre ensemble, depuis maintenant une ann\u00e9e et demie. <br>Bref \ud83d\ude09 le c\u00f4t\u00e9 fleur bleu est pos\u00e9, maintenant la suite. <br><br>D&rsquo;ancienne cliv\u00e9e et borderline, j&rsquo;ai reconnect\u00e9 de fa\u00e7on fulgurante avec moi-m\u00eame et mes \u00e9motions fin 2016\/d\u00e9but 2017 puis j&rsquo;ai rencontr\u00e9 ma flamme jumelle, ce qui a intensifi\u00e9 et a en m\u00eame temps facilit\u00e9 et rendu plus difficile le travail de reconnexion interne. <br><br>Il y a donc bient\u00f4t 4 ans, toutes les \u00e9motions que j&rsquo;avais enfoui sont remont\u00e9es \u00e0 la surface m&rsquo;ont litt\u00e9ralement explos\u00e9 \u00e0 la figure. <br><br>Au d\u00e9part, \u00e7a a \u00e9t\u00e9 insupportable mais, gr\u00e2ce \u00e0 la formation de naturopathe que je venais de commencer, j&rsquo;ai pu m&rsquo;accompagner en nutrition et en anatomie-physiologie- pathologie pour comprendre mon fonctionnement, mes besoins, la normalit\u00e9 de mon v\u00e9cu et de qui je suis.  <br>L&rsquo;incompr\u00e9hension de la relation de flamme jumelles, l&rsquo;intensit\u00e9 de la reconnexion m&rsquo;a fait vivre une ann\u00e9e intense et difficile en 2017. <br>Fin 2017, j&rsquo;ai rencontr\u00e9 une personne formidable qui m&rsquo;a permis de reconnecter en douceur jusque courant 2019, en parall\u00e8le de mon travail personnel sur mon d\u00e9veloppement. <br>Et maintenant, je me connais de mieux en mieux, ai pu l\u00e2cher sur bon nombre de croyances et autres tensions, l&rsquo;hygi\u00e8ne de vie qui me convient est mise en place et adapt\u00e9e en fonction de beaucoup de facteurs.<br>Le travail a \u00e9t\u00e9 long, dur et est toujours en cours mais la valeur est inestimable de Vivre vraiment la vie que je veux du fond des mes tripes.<br><br>Aujourd&rsquo;hui, je souhaite accompagner les personnes qui ont l&rsquo;envie de vivre la vie qu&rsquo;ils veulent vraiment, de l\u00e2cher les concepts actuels et incarner ce qui vibrent en eux.<\/p>\n\n\n\n<figure class=\"wp-block-image size-large is-style-rounded\"><img loading=\"lazy\" width=\"1024\" height=\"682\" src=\"https:\/\/seedofunity.space\/manipuraki\/wp-content\/uploads\/2020\/10\/changement.jpg\" alt=\"\" class=\"wp-image-47\" srcset=\"https:\/\/seedofunity.space\/manipuraki\/wp-content\/uploads\/2020\/10\/changement.jpg 1024w, https:\/\/seedofunity.space\/manipuraki\/wp-content\/uploads\/2020\/10\/changement-300x200.jpg 300w, https:\/\/seedofunity.space\/manipuraki\/wp-content\/uploads\/2020\/10\/changement-768x512.jpg 768w, https:\/\/seedofunity.space\/manipuraki\/wp-content\/uploads\/2020\/10\/changement-80x53.jpg 80w\" sizes=\"(max-width: 1024px) 100vw, 1024px\" \/><\/figure>\n\n\n\n<p><strong>Alors, concr\u00e8tement, comment \u00e7a se passe ? <\/strong><br><br>Tout d&rsquo;abord, vous pourrez remplie un questionnaire sans engagement qui mettra en avant vos besoins et qui me permettra de d\u00e9terminer comment nous pourrons avancer ensemble.<br>Puis, \u00e0 la suite d&rsquo;une s\u00e9lection pr\u00e9alable, nous aurons un 1er entretien t\u00e9l\u00e9phonique offert (d&rsquo;environ 10-15 minutes) o\u00f9 nous pourrons faire le point sur vos besoins et faire plus ample connaissance.<\/p>\n\n\n\n<p>A la suite du t\u00e9l\u00e9phone, se d\u00e9roule la 1\u00e8re s\u00e9ance d&rsquo;environ 2h, en pr\u00e9sentiel ou en ligne.<br>Durant cette s\u00e9ance, nous ferons connaissance, parleront du fil rouge de notre travail ensemble et choisirons les modules qui vous seront le plus b\u00e9n\u00e9fique pour votre \u00e9volution et qui vous soutiendront le mieux.<\/p>\n\n\n\n<p>Si vous sentez l\u2019envie d\u2019apprendre \u00e0 incarner et \u00eatre qui vous \u00eates&nbsp;: cet \u00eatre si merveilleux et changeant&nbsp;;<\/p>\n\n\n\n<p>Si vous souhaitez enfin avoir un programme qui est fait sur mesure selon qui vous \u00eates avec un accompagnement adapt\u00e9 \u00e0 vos besoins.<\/p>\n\n\n\n<p>Si vous voulez enfin vivre la vie que vous voulez vraiment : <br><br>Alors le programme HSE est fait pour vous.<\/p>\n\n\n\n<p>Vous voulez aller plus loin ? Voici le lien du questionnaire \u00e0 remplir, en moyenne il faut 15-20 minutes :  <a rel=\"noreferrer noopener\" href=\"https:\/\/forms.gle\/iJnQDQYvWupXwkZq7\" target=\"_blank\">lien pour questionnaire en ligne<\/a><\/p>\n\n\n\n<p>Voici pour vous un petit temps de pause dans votre quotidien pour faire quelques pas sur votre chemin d&rsquo;\u00e9volution :<br><br>M\u00e9ditation HSE<\/p>\n\n\n\n<figure class=\"wp-block-audio\"><audio controls src=\"https:\/\/seedofunity.space\/manipuraki\/wp-content\/uploads\/2020\/10\/Me\u0301ditationHSE.mp3\"><\/audio><\/figure>\n\n\n\n<div class=\"wp-block-file\"><a href=\"https:\/\/seedofunity.space\/manipuraki\/wp-content\/uploads\/2020\/10\/HSEMe\u0301ditation.pdf\">HSEMe\u0301ditation.pdf<\/a><a href=\"https:\/\/seedofunity.space\/manipuraki\/wp-content\/uploads\/2020\/10\/HSEMe\u0301ditation.pdf\" class=\"wp-block-file__button\" download>T\u00e9l\u00e9charger<\/a><\/div>\n\n\n\n<p>Si vous souhaitez continuer quelques pas de plus sur ce chemin : <a href=\"https:\/\/forms.gle\/iJnQDQYvWupXwkZq7\" data-type=\"URL\" data-id=\"https:\/\/forms.gle\/iJnQDQYvWupXwkZq7\" target=\"_blank\" rel=\"noreferrer noopener\">lien pour questionnaire en ligne<\/a><br><\/p>\n","protected":false},"excerpt":{"rendered":"<p>Si vous \u00eates pr\u00eats \u00e0 transformer vos croyances et votre vie, voici le lien pour vous inscrire : lien pour questionnaire en ligne Par quoi commencer ? Un jour vient&hellip; <\/p>\n","protected":false},"author":1,"featured_media":0,"parent":0,"menu_order":0,"comment_status":"closed","ping_status":"closed","template":"","meta":{"spay_email":""},"_links":{"self":[{"href":"https:\/\/seedofunity.space\/manipuraki\/wp-json\/wp\/v2\/pages\/30"}],"collection":[{"href":"https:\/\/seedofunity.space\/manipuraki\/wp-json\/wp\/v2\/pages"}],"about":[{"href":"https:\/\/seedofunity.space\/manipuraki\/wp-json\/wp\/v2\/types\/page"}],"author":[{"embeddable":true,"href":"https:\/\/seedofunity.space\/manipuraki\/wp-json\/wp\/v2\/users\/1"}],"replies":[{"embeddable":true,"href":"https:\/\/seedofunity.space\/manipuraki\/wp-json\/wp\/v2\/comments?post=30"}],"version-history":[{"count":58,"href":"https:\/\/seedofunity.space\/manipuraki\/wp-json\/wp\/v2\/pages\/30\/revisions"}],"predecessor-version":[{"id":118,"href":"https:\/\/seedofunity.space\/manipuraki\/wp-json\/wp\/v2\/pages\/30\/revisions\/118"}],"wp:attachment":[{"href":"https:\/\/seedofunity.space\/manipuraki\/wp-json\/wp\/v2\/media?parent=30"}],"curies":[{"name":"wp","href":"https:\/\/api.w.org\/{rel}","templated":true}]}}